{"id":2421,"date":"2021-01-13T11:30:37","date_gmt":"2021-01-13T10:30:37","guid":{"rendered":"https:\/\/detwiler-avocat.fr\/?page_id=2421"},"modified":"2022-09-22T17:48:21","modified_gmt":"2022-09-22T15:48:21","slug":"pour-les-particuliers","status":"publish","type":"page","link":"https:\/\/detwiler-avocat.fr\/en_en\/domaines-intervention\/pour-les-particuliers\/","title":{"rendered":"For individuals"},"content":{"rendered":"<div data-elementor-type=\"wp-page\" data-elementor-id=\"2421\" class=\"elementor elementor-2421\" data-elementor-post-type=\"page\">\n\t\t\t\t\t\t<section class=\"elementor-section elementor-top-section elementor-element elementor-element-49c01fea elementor-section-full_width elementor-section-height-default elementor-section-height-default\" data-id=\"49c01fea\" data-element_type=\"section\" data-e-type=\"section\" data-settings=\"{&quot;background_background&quot;:&quot;classic&quot;}\">\n\t\t\t\t\t\t<div class=\"elementor-container elementor-column-gap-extended\">\n\t\t\t\t\t<div class=\"elementor-column elementor-col-100 elementor-top-column elementor-element elementor-element-433dbe78\" data-id=\"433dbe78\" data-element_type=\"column\" data-e-type=\"column\">\n\t\t\t<div class=\"elementor-widget-wrap elementor-element-populated\">\n\t\t\t\t\t\t<div class=\"elementor-element elementor-element-209b1803 elementor-widget elementor-widget-spacer\" data-id=\"209b1803\" data-element_type=\"widget\" data-e-type=\"widget\" data-widget_type=\"spacer.default\">\n\t\t\t\t<div class=\"elementor-widget-container\">\n\t\t\t\t\t\t\t<div class=\"elementor-spacer\">\n\t\t\t<div class=\"elementor-spacer-inner\"><\/div>\n\t\t<\/div>\n\t\t\t\t\t\t<\/div>\n\t\t\t\t<\/div>\n\t\t\t\t\t<\/div>\n\t\t<\/div>\n\t\t\t\t\t<\/div>\n\t\t<\/section>\n\t\t\t\t<section class=\"elementor-section elementor-top-section elementor-element elementor-element-5fa295f elementor-section-boxed elementor-section-height-default elementor-section-height-default\" data-id=\"5fa295f\" data-element_type=\"section\" data-e-type=\"section\" data-settings=\"{&quot;background_background&quot;:&quot;classic&quot;}\">\n\t\t\t\t\t\t<div class=\"elementor-container elementor-column-gap-extended\">\n\t\t\t\t\t<div class=\"elementor-column elementor-col-100 elementor-top-column elementor-element elementor-element-7809721b\" data-id=\"7809721b\" data-element_type=\"column\" data-e-type=\"column\">\n\t\t\t<div class=\"elementor-widget-wrap elementor-element-populated\">\n\t\t\t\t\t\t<div class=\"elementor-element elementor-element-5f30a427 scheme_dark elementor-widget elementor-widget-heading\" data-id=\"5f30a427\" data-element_type=\"widget\" data-e-type=\"widget\" data-widget_type=\"heading.default\">\n\t\t\t\t<div class=\"elementor-widget-container\">\n\t\t\t\t\t<h4 class=\"elementor-heading-title elementor-size-default\">SERVICES <\/br>\nFOR INDIVIDUALS<\/h4>\t\t\t\t<\/div>\n\t\t\t\t<\/div>\n\t\t\t\t\t<\/div>\n\t\t<\/div>\n\t\t\t\t\t<\/div>\n\t\t<\/section>\n\t\t\t\t<section class=\"elementor-section elementor-top-section elementor-element elementor-element-3690f814 elementor-section-boxed elementor-section-height-default elementor-section-height-default elementor-invisible\" data-id=\"3690f814\" data-element_type=\"section\" data-e-type=\"section\" id=\"entrerpises\" data-settings=\"{&quot;animation&quot;:&quot;zoomIn&quot;}\">\n\t\t\t\t\t\t\t<div class=\"elementor-background-overlay\"><\/div>\n\t\t\t\t\t\t\t<div class=\"elementor-container elementor-column-gap-extended\">\n\t\t\t\t\t<div class=\"elementor-column elementor-col-100 elementor-top-column elementor-element elementor-element-766823a8\" data-id=\"766823a8\" data-element_type=\"column\" data-e-type=\"column\" data-settings=\"{&quot;background_background&quot;:&quot;classic&quot;}\">\n\t\t\t<div class=\"elementor-widget-wrap elementor-element-populated\">\n\t\t\t\t\t\t<div class=\"elementor-element elementor-element-1f080b4f elementor-widget elementor-widget-text-editor\" data-id=\"1f080b4f\" data-element_type=\"widget\" data-e-type=\"widget\" data-widget_type=\"text-editor.default\">\n\t\t\t\t<div class=\"elementor-widget-container\">\n\t\t\t\t\t\t\t\t\t<p>Pragmatic and determined, Lucille DETWILER also supports employees, mainly managers and executives, in all aspects of the contractual relationship from their hiring when leaving the company.<\/p>\t\t\t\t\t\t\t\t<\/div>\n\t\t\t\t<\/div>\n\t\t\t\t<div class=\"elementor-element elementor-element-cf65916 elementor-widget elementor-widget-text-editor\" data-id=\"cf65916\" data-element_type=\"widget\" data-e-type=\"widget\" data-widget_type=\"text-editor.default\">\n\t\t\t\t<div class=\"elementor-widget-container\">\n\t\t\t\t\t\t\t\t\t<ul><li>Negotiate salary benefits<\/li><li>Develop a negotiation strategy with a view to leaving the company amicably or following a dismissal<\/li><li>Represent clients before the Labor Court or the Court of Appeal in the event of a violation of the law by their employer (non-payment of a bonus or overtime, moral harassment, discrimination, etc.) or unfair dismissal<\/li><\/ul>\t\t\t\t\t\t\t\t<\/div>\n\t\t\t\t<\/div>\n\t\t\t\t\t<\/div>\n\t\t<\/div>\n\t\t\t\t\t<\/div>\n\t\t<\/section>\n\t\t\t\t<\/div>","protected":false},"excerpt":{"rendered":"<p>NOS SERVICES POUR Les particuliers Pragmatique et d\u00e9termin\u00e9e, Lucille DETWILER accompagne \u00e9galement des salari\u00e9s, principalement des dirigeants et cadres, dans tous les aspects de la relation contractuelle de leur embauche au d\u00e9part de l\u2019entreprise. N\u00e9gocier des avantages&hellip;<\/p>","protected":false},"author":1,"featured_media":0,"parent":238,"menu_order":3,"comment_status":"closed","ping_status":"closed","template":"","meta":{"footnotes":""},"class_list":["post-2421","page","type-page","status-publish","hentry"],"_links":{"self":[{"href":"https:\/\/detwiler-avocat.fr\/en_en\/wp-json\/wp\/v2\/pages\/2421","targetHints":{"allow":["GET"]}}],"collection":[{"href":"https:\/\/detwiler-avocat.fr\/en_en\/wp-json\/wp\/v2\/pages"}],"about":[{"href":"https:\/\/detwiler-avocat.fr\/en_en\/wp-json\/wp\/v2\/types\/page"}],"author":[{"embeddable":true,"href":"https:\/\/detwiler-avocat.fr\/en_en\/wp-json\/wp\/v2\/users\/1"}],"replies":[{"embeddable":true,"href":"https:\/\/detwiler-avocat.fr\/en_en\/wp-json\/wp\/v2\/comments?post=2421"}],"version-history":[{"count":40,"href":"https:\/\/detwiler-avocat.fr\/en_en\/wp-json\/wp\/v2\/pages\/2421\/revisions"}],"predecessor-version":[{"id":3844,"href":"https:\/\/detwiler-avocat.fr\/en_en\/wp-json\/wp\/v2\/pages\/2421\/revisions\/3844"}],"up":[{"embeddable":true,"href":"https:\/\/detwiler-avocat.fr\/en_en\/wp-json\/wp\/v2\/pages\/238"}],"wp:attachment":[{"href":"https:\/\/detwiler-avocat.fr\/en_en\/wp-json\/wp\/v2\/media?parent=2421"}],"curies":[{"name":"wp","href":"https:\/\/api.w.org\/{rel}","templated":true}]}}