{"id":2417,"date":"2021-01-13T11:29:32","date_gmt":"2021-01-13T10:29:32","guid":{"rendered":"https:\/\/detwiler-avocat.fr\/?page_id=2417"},"modified":"2022-09-22T17:31:00","modified_gmt":"2022-09-22T15:31:00","slug":"pour-les-entreprises","status":"publish","type":"page","link":"https:\/\/detwiler-avocat.fr\/en_en\/domaines-intervention\/pour-les-entreprises\/","title":{"rendered":"For companies"},"content":{"rendered":"<div data-elementor-type=\"wp-page\" data-elementor-id=\"2417\" class=\"elementor elementor-2417\" data-elementor-post-type=\"page\">\n\t\t\t\t\t\t<section class=\"elementor-section elementor-top-section elementor-element elementor-element-60703ad8 elementor-section-full_width elementor-section-height-default elementor-section-height-default\" data-id=\"60703ad8\" data-element_type=\"section\" data-e-type=\"section\" data-settings=\"{&quot;background_background&quot;:&quot;classic&quot;}\">\n\t\t\t\t\t\t<div class=\"elementor-container elementor-column-gap-extended\">\n\t\t\t\t\t<div class=\"elementor-column elementor-col-100 elementor-top-column elementor-element elementor-element-24f5cf61\" data-id=\"24f5cf61\" data-element_type=\"column\" data-e-type=\"column\">\n\t\t\t<div class=\"elementor-widget-wrap elementor-element-populated\">\n\t\t\t\t\t\t<div class=\"elementor-element elementor-element-57402651 elementor-widget elementor-widget-spacer\" data-id=\"57402651\" data-element_type=\"widget\" data-e-type=\"widget\" data-widget_type=\"spacer.default\">\n\t\t\t\t<div class=\"elementor-widget-container\">\n\t\t\t\t\t\t\t<div class=\"elementor-spacer\">\n\t\t\t<div class=\"elementor-spacer-inner\"><\/div>\n\t\t<\/div>\n\t\t\t\t\t\t<\/div>\n\t\t\t\t<\/div>\n\t\t\t\t\t<\/div>\n\t\t<\/div>\n\t\t\t\t\t<\/div>\n\t\t<\/section>\n\t\t\t\t<section class=\"elementor-section elementor-top-section elementor-element elementor-element-a727c9d elementor-section-boxed elementor-section-height-default elementor-section-height-default\" data-id=\"a727c9d\" data-element_type=\"section\" data-e-type=\"section\" data-settings=\"{&quot;background_background&quot;:&quot;classic&quot;}\">\n\t\t\t\t\t\t<div class=\"elementor-container elementor-column-gap-extended\">\n\t\t\t\t\t<div class=\"elementor-column elementor-col-100 elementor-top-column elementor-element elementor-element-30223357\" data-id=\"30223357\" data-element_type=\"column\" data-e-type=\"column\">\n\t\t\t<div class=\"elementor-widget-wrap elementor-element-populated\">\n\t\t\t\t\t\t<div class=\"elementor-element elementor-element-5cafd2ba scheme_dark elementor-widget elementor-widget-heading\" data-id=\"5cafd2ba\" data-element_type=\"widget\" data-e-type=\"widget\" data-widget_type=\"heading.default\">\n\t\t\t\t<div class=\"elementor-widget-container\">\n\t\t\t\t\t<h4 class=\"elementor-heading-title elementor-size-default\">SERVICES <\/br>\nFOR COMPANIES <\/h4>\t\t\t\t<\/div>\n\t\t\t\t<\/div>\n\t\t\t\t\t<\/div>\n\t\t<\/div>\n\t\t\t\t\t<\/div>\n\t\t<\/section>\n\t\t\t\t<section class=\"elementor-section elementor-top-section elementor-element elementor-element-2c898597 elementor-section-boxed elementor-section-height-default elementor-section-height-default elementor-invisible\" data-id=\"2c898597\" data-element_type=\"section\" data-e-type=\"section\" id=\"entrerpises\" data-settings=\"{&quot;background_background&quot;:&quot;classic&quot;,&quot;animation&quot;:&quot;zoomIn&quot;}\">\n\t\t\t\t\t\t\t<div class=\"elementor-background-overlay\"><\/div>\n\t\t\t\t\t\t\t<div class=\"elementor-container elementor-column-gap-extended\">\n\t\t\t\t\t<div class=\"elementor-column elementor-col-100 elementor-top-column elementor-element elementor-element-eba211e\" data-id=\"eba211e\" data-element_type=\"column\" data-e-type=\"column\" data-settings=\"{&quot;background_background&quot;:&quot;classic&quot;}\">\n\t\t\t<div class=\"elementor-widget-wrap elementor-element-populated\">\n\t\t\t\t\t\t<div class=\"elementor-element elementor-element-4aab05b1 elementor-widget elementor-widget-heading\" data-id=\"4aab05b1\" data-element_type=\"widget\" data-e-type=\"widget\" data-widget_type=\"heading.default\">\n\t\t\t\t<div class=\"elementor-widget-container\">\n\t\t\t\t\t<h5 class=\"elementor-heading-title elementor-size-default\">On individual Employment relationships<\/h5>\t\t\t\t<\/div>\n\t\t\t\t<\/div>\n\t\t\t\t<div class=\"elementor-element elementor-element-bb0b736 elementor-widget elementor-widget-spacer\" data-id=\"bb0b736\" data-element_type=\"widget\" data-e-type=\"widget\" data-widget_type=\"spacer.default\">\n\t\t\t\t<div class=\"elementor-widget-container\">\n\t\t\t\t\t\t\t<div class=\"elementor-spacer\">\n\t\t\t<div class=\"elementor-spacer-inner\"><\/div>\n\t\t<\/div>\n\t\t\t\t\t\t<\/div>\n\t\t\t\t<\/div>\n\t\t\t\t<div class=\"elementor-element elementor-element-fc66b77 elementor-widget elementor-widget-text-editor\" data-id=\"fc66b77\" data-element_type=\"widget\" data-e-type=\"widget\" data-widget_type=\"text-editor.default\">\n\t\t\t\t<div class=\"elementor-widget-container\">\n\t\t\t\t\t\t\t\t\t<ul><li>R\u00e9daction, n\u00e9gociation et modification de contrats de travail (clauses sp\u00e9cifiques, r\u00e9mun\u00e9ration variable, dur\u00e9e du travail, t\u00e9l\u00e9travail etc.)<\/li><li>Implementing variable remuneration plans<\/li><li>Proc\u00e9dures disciplinaires, probl\u00e9matiques de discrimination et de harc\u00e8lement moral ou sexuel<\/li><li>Assistance lors de contr\u00f4les de l\u2019administration : DIRECCTE, URSSAF et Inspection du Travail<\/li><li>Negotiating and entering into mutual termination process and settlement agreements with employees<\/li><li>Advice and assistance in case of control from the French administration<\/li><li>Individual disputes with current or former employees related to the performance or the termination of the employment contract before Labor Courts<\/li><li>Individual litigation related to the execution or termination of the employment contract before the social courts<\/li><\/ul>\t\t\t\t\t\t\t\t<\/div>\n\t\t\t\t<\/div>\n\t\t\t\t\t<\/div>\n\t\t<\/div>\n\t\t\t\t\t<\/div>\n\t\t<\/section>\n\t\t\t\t<section class=\"elementor-section elementor-top-section elementor-element elementor-element-7eb2abc elementor-section-boxed elementor-section-height-default elementor-section-height-default elementor-invisible\" data-id=\"7eb2abc\" data-element_type=\"section\" data-e-type=\"section\" data-settings=\"{&quot;animation&quot;:&quot;zoomIn&quot;}\">\n\t\t\t\t\t\t\t<div class=\"elementor-background-overlay\"><\/div>\n\t\t\t\t\t\t\t<div class=\"elementor-container elementor-column-gap-extended\">\n\t\t\t\t\t<div class=\"elementor-column elementor-col-100 elementor-top-column elementor-element elementor-element-59c800e\" data-id=\"59c800e\" data-element_type=\"column\" data-e-type=\"column\" data-settings=\"{&quot;background_background&quot;:&quot;classic&quot;}\">\n\t\t\t<div class=\"elementor-widget-wrap elementor-element-populated\">\n\t\t\t\t\t\t<div class=\"elementor-element elementor-element-fb83f6d elementor-widget elementor-widget-heading\" data-id=\"fb83f6d\" data-element_type=\"widget\" data-e-type=\"widget\" data-widget_type=\"heading.default\">\n\t\t\t\t<div class=\"elementor-widget-container\">\n\t\t\t\t\t<h5 class=\"elementor-heading-title elementor-size-default\">On collective employment relationships<\/h5>\t\t\t\t<\/div>\n\t\t\t\t<\/div>\n\t\t\t\t<div class=\"elementor-element elementor-element-f9060aa elementor-widget elementor-widget-spacer\" data-id=\"f9060aa\" data-element_type=\"widget\" data-e-type=\"widget\" data-widget_type=\"spacer.default\">\n\t\t\t\t<div class=\"elementor-widget-container\">\n\t\t\t\t\t\t\t<div class=\"elementor-spacer\">\n\t\t\t<div class=\"elementor-spacer-inner\"><\/div>\n\t\t<\/div>\n\t\t\t\t\t\t<\/div>\n\t\t\t\t<\/div>\n\t\t\t\t<div class=\"elementor-element elementor-element-65188ac elementor-widget elementor-widget-text-editor\" data-id=\"65188ac\" data-element_type=\"widget\" data-e-type=\"widget\" data-widget_type=\"text-editor.default\">\n\t\t\t\t<div class=\"elementor-widget-container\">\n\t\t\t\t\t\t\t\t\t<ul>\n \t<li style=\"text-align: left;\"><strong><span style=\"color: #0b5574;\">Organizing staff representative bodies\u2019 elections and managing relationships with elected employees<\/strong> (election process of the Social and Economic Committee, right of alert, internal regulations of staff representatives bodies, assistance during recurring or specific consultation process, etc.)<\/li>\n<\/ul>\n<ul>\n \t<li style=\"text-align: left;\"><strong><span style=\"color: #0b5574;\">Implementing internal regulations<\/strong> (homeworking, variable remuneration, IT and social network, code of conduct, data protection, working time arrangement etc.)<\/li>\n<\/ul>\n<ul>\n \t<li style=\"text-align: left;\"><strong><span style=\"color: #0b5574;\">Dealing with social aspects of reorganization \/ restructuring and business transfer<\/strong> (including collective redundancies, collective mutual terminations and collective performance agreements)<\/li>\n<\/ul>\n<ul>\n \t<li style=\"text-align: left;\"><strong><span style=\"color: #0b5574;\">Dealing with health and safety issues<\/strong> (occupational accident and diseases, mandatory internal regulations, occupational risk assessment document etc.)<\/li>\n<\/ul>\n<ul>\n \t<li style=\"text-align: left;\"><strong><span style=\"color: #0b5574;\">Implementing and revising healthcare,<\/strong> welfare and pension coverage<\/li>\n<\/ul>\n<ul>\n \t<li style=\"text-align: left;\"><strong><span style=\"color: #0b5574;\">Social practices audit<\/strong> . <strong>\u00a0<\/strong><\/li>\n<\/ul>\t\t\t\t\t\t\t\t<\/div>\n\t\t\t\t<\/div>\n\t\t\t\t\t<\/div>\n\t\t<\/div>\n\t\t\t\t\t<\/div>\n\t\t<\/section>\n\t\t\t\t<\/div>","protected":false},"excerpt":{"rendered":"<p>NOS serviceS POUR LES entreprises Relations individuelles de travail R\u00e9daction, n\u00e9gociation et modification de contrats de travail (clauses sp\u00e9cifiques, r\u00e9mun\u00e9ration variable, dur\u00e9e du travail, t\u00e9l\u00e9travail etc.) Mise en \u0153uvre de plan de r\u00e9mun\u00e9ration variable Proc\u00e9dures disciplinaires, probl\u00e9matiques&hellip;<\/p>","protected":false},"author":1,"featured_media":0,"parent":238,"menu_order":1,"comment_status":"closed","ping_status":"closed","template":"","meta":{"footnotes":""},"class_list":["post-2417","page","type-page","status-publish","hentry"],"_links":{"self":[{"href":"https:\/\/detwiler-avocat.fr\/en_en\/wp-json\/wp\/v2\/pages\/2417","targetHints":{"allow":["GET"]}}],"collection":[{"href":"https:\/\/detwiler-avocat.fr\/en_en\/wp-json\/wp\/v2\/pages"}],"about":[{"href":"https:\/\/detwiler-avocat.fr\/en_en\/wp-json\/wp\/v2\/types\/page"}],"author":[{"embeddable":true,"href":"https:\/\/detwiler-avocat.fr\/en_en\/wp-json\/wp\/v2\/users\/1"}],"replies":[{"embeddable":true,"href":"https:\/\/detwiler-avocat.fr\/en_en\/wp-json\/wp\/v2\/comments?post=2417"}],"version-history":[{"count":73,"href":"https:\/\/detwiler-avocat.fr\/en_en\/wp-json\/wp\/v2\/pages\/2417\/revisions"}],"predecessor-version":[{"id":3838,"href":"https:\/\/detwiler-avocat.fr\/en_en\/wp-json\/wp\/v2\/pages\/2417\/revisions\/3838"}],"up":[{"embeddable":true,"href":"https:\/\/detwiler-avocat.fr\/en_en\/wp-json\/wp\/v2\/pages\/238"}],"wp:attachment":[{"href":"https:\/\/detwiler-avocat.fr\/en_en\/wp-json\/wp\/v2\/media?parent=2417"}],"curies":[{"name":"wp","href":"https:\/\/api.w.org\/{rel}","templated":true}]}}