{"id":238,"date":"2018-07-06T12:03:33","date_gmt":"2018-07-06T10:03:33","guid":{"rendered":"http:\/\/detwiler-avocat.fr\/?page_id=238"},"modified":"2021-01-08T15:21:32","modified_gmt":"2021-01-08T14:21:32","slug":"domaines-intervention","status":"publish","type":"page","link":"https:\/\/detwiler-avocat.fr\/en_en\/domaines-intervention\/","title":{"rendered":"Les domaines d&#8217;intervention"},"content":{"rendered":"<div data-elementor-type=\"wp-post\" data-elementor-id=\"238\" class=\"elementor elementor-238\" data-elementor-post-type=\"page\">\n\t\t\t\t\t\t<section class=\"elementor-section elementor-top-section elementor-element elementor-element-51221641 elementor-section-full_width elementor-section-height-default elementor-section-height-default\" data-id=\"51221641\" data-element_type=\"section\" data-e-type=\"section\" data-settings=\"{&quot;background_background&quot;:&quot;classic&quot;}\">\n\t\t\t\t\t\t<div class=\"elementor-container elementor-column-gap-extended\">\n\t\t\t\t\t<div class=\"elementor-column elementor-col-100 elementor-top-column elementor-element elementor-element-6ce6a3f6\" data-id=\"6ce6a3f6\" data-element_type=\"column\" data-e-type=\"column\">\n\t\t\t<div class=\"elementor-widget-wrap elementor-element-populated\">\n\t\t\t\t\t\t<div class=\"elementor-element elementor-element-66fd64b9 elementor-widget elementor-widget-spacer\" data-id=\"66fd64b9\" data-element_type=\"widget\" data-e-type=\"widget\" data-widget_type=\"spacer.default\">\n\t\t\t\t<div class=\"elementor-widget-container\">\n\t\t\t\t\t\t\t<div class=\"elementor-spacer\">\n\t\t\t<div class=\"elementor-spacer-inner\"><\/div>\n\t\t<\/div>\n\t\t\t\t\t\t<\/div>\n\t\t\t\t<\/div>\n\t\t\t\t\t<\/div>\n\t\t<\/div>\n\t\t\t\t\t<\/div>\n\t\t<\/section>\n\t\t\t\t<section class=\"elementor-section elementor-top-section elementor-element elementor-element-169788c4 elementor-section-boxed elementor-section-height-default elementor-section-height-default\" data-id=\"169788c4\" data-element_type=\"section\" data-e-type=\"section\" data-settings=\"{&quot;background_background&quot;:&quot;classic&quot;}\">\n\t\t\t\t\t\t<div class=\"elementor-container elementor-column-gap-extended\">\n\t\t\t\t\t<div class=\"elementor-column elementor-col-100 elementor-top-column elementor-element elementor-element-70141589\" data-id=\"70141589\" data-element_type=\"column\" data-e-type=\"column\">\n\t\t\t<div class=\"elementor-widget-wrap elementor-element-populated\">\n\t\t\t\t\t\t<div class=\"elementor-element elementor-element-018223e scheme_dark elementor-widget elementor-widget-heading\" data-id=\"018223e\" data-element_type=\"widget\" data-e-type=\"widget\" data-widget_type=\"heading.default\">\n\t\t\t\t<div class=\"elementor-widget-container\">\n\t\t\t\t\t<h4 class=\"elementor-heading-title elementor-size-default\">Les domaines d'interventions<\/h4>\t\t\t\t<\/div>\n\t\t\t\t<\/div>\n\t\t\t\t\t<\/div>\n\t\t<\/div>\n\t\t\t\t\t<\/div>\n\t\t<\/section>\n\t\t\t\t<section class=\"elementor-section elementor-top-section elementor-element elementor-element-65bce60 elementor-section-boxed elementor-section-height-default elementor-section-height-default\" data-id=\"65bce60\" data-element_type=\"section\" data-e-type=\"section\" id=\"entrerpises\">\n\t\t\t\t\t\t<div class=\"elementor-container elementor-column-gap-extended\">\n\t\t\t\t\t<div class=\"elementor-column elementor-col-100 elementor-top-column elementor-element elementor-element-830f828\" data-id=\"830f828\" data-element_type=\"column\" data-e-type=\"column\">\n\t\t\t<div class=\"elementor-widget-wrap elementor-element-populated\">\n\t\t\t\t\t\t<div class=\"elementor-element elementor-element-fba0aba elementor-widget elementor-widget-heading\" data-id=\"fba0aba\" data-element_type=\"widget\" data-e-type=\"widget\" data-widget_type=\"heading.default\">\n\t\t\t\t<div class=\"elementor-widget-container\">\n\t\t\t\t\t<h4 class=\"elementor-heading-title elementor-size-default\">Advice and assistance on employment law <\/h4>\t\t\t\t<\/div>\n\t\t\t\t<\/div>\n\t\t\t\t<div class=\"elementor-element elementor-element-753283e elementor-widget elementor-widget-spacer\" data-id=\"753283e\" data-element_type=\"widget\" data-e-type=\"widget\" data-widget_type=\"spacer.default\">\n\t\t\t\t<div class=\"elementor-widget-container\">\n\t\t\t\t\t\t\t<div class=\"elementor-spacer\">\n\t\t\t<div class=\"elementor-spacer-inner\"><\/div>\n\t\t<\/div>\n\t\t\t\t\t\t<\/div>\n\t\t\t\t<\/div>\n\t\t\t\t<div class=\"elementor-element elementor-element-6d36233 elementor-widget elementor-widget-heading\" data-id=\"6d36233\" data-element_type=\"widget\" data-e-type=\"widget\" data-widget_type=\"heading.default\">\n\t\t\t\t<div class=\"elementor-widget-container\">\n\t\t\t\t\t<h5 class=\"elementor-heading-title elementor-size-default\">On individual Employment relationships<\/h5>\t\t\t\t<\/div>\n\t\t\t\t<\/div>\n\t\t\t\t<div class=\"elementor-element elementor-element-db60924 elementor-widget elementor-widget-spacer\" data-id=\"db60924\" data-element_type=\"widget\" data-e-type=\"widget\" data-widget_type=\"spacer.default\">\n\t\t\t\t<div class=\"elementor-widget-container\">\n\t\t\t\t\t\t\t<div class=\"elementor-spacer\">\n\t\t\t<div class=\"elementor-spacer-inner\"><\/div>\n\t\t<\/div>\n\t\t\t\t\t\t<\/div>\n\t\t\t\t<\/div>\n\t\t\t\t<div class=\"elementor-element elementor-element-63a69ba elementor-widget elementor-widget-text-editor\" data-id=\"63a69ba\" data-element_type=\"widget\" data-e-type=\"widget\" data-widget_type=\"text-editor.default\">\n\t\t\t\t<div class=\"elementor-widget-container\">\n\t\t\t\t\t\t\t\t\t<ul><li>Drafting, negotiating and revising employment contracts (Restrictive covenants, variable remuneration, working time arrangement, etc.)<\/li><li>Implementing variable remuneration plans<\/li><li>Implementing disciplinary processes and dealing with discrimination and moral \/ sexual harassment issues<\/li><li>Terminating employment relationships (mutual termination process, termination process for misperformance, disciplinary or economic grounds, inability etc.)<\/li><li>Negotiating and entering into mutual termination process and settlement agreements with employees<\/li><li>Advice and assistance in case of control from the French administration<\/li><li>Individual disputes with current or former employees related to the performance or the termination of the employment contract before Labor Courts<\/li><li>Individual litigation related to the execution or termination of the employment contract before the social courts<\/li><\/ul>\t\t\t\t\t\t\t\t<\/div>\n\t\t\t\t<\/div>\n\t\t\t\t<div class=\"elementor-element elementor-element-8bb8b34 elementor-widget elementor-widget-heading\" data-id=\"8bb8b34\" data-element_type=\"widget\" data-e-type=\"widget\" data-widget_type=\"heading.default\">\n\t\t\t\t<div class=\"elementor-widget-container\">\n\t\t\t\t\t<h5 class=\"elementor-heading-title elementor-size-default\">On collective employment relationships<\/h5>\t\t\t\t<\/div>\n\t\t\t\t<\/div>\n\t\t\t\t<div class=\"elementor-element elementor-element-e7b1d6b elementor-widget elementor-widget-spacer\" data-id=\"e7b1d6b\" data-element_type=\"widget\" data-e-type=\"widget\" data-widget_type=\"spacer.default\">\n\t\t\t\t<div class=\"elementor-widget-container\">\n\t\t\t\t\t\t\t<div class=\"elementor-spacer\">\n\t\t\t<div class=\"elementor-spacer-inner\"><\/div>\n\t\t<\/div>\n\t\t\t\t\t\t<\/div>\n\t\t\t\t<\/div>\n\t\t\t\t<div class=\"elementor-element elementor-element-db9b86c elementor-widget elementor-widget-text-editor\" data-id=\"db9b86c\" data-element_type=\"widget\" data-e-type=\"widget\" data-widget_type=\"text-editor.default\">\n\t\t\t\t<div class=\"elementor-widget-container\">\n\t\t\t\t\t\t\t\t\t<ul><li>Dealing with social aspects of reorganization \/ restructuring and business transfer (including collective redundancies, collective mutual terminations and collective performance agreements)<\/li><li>Implementing internal regulations (homeworking, variable remuneration, IT and social network, code of conduct, data protection, working time arrangement etc.)<\/li><li>Organizing staff representative bodies\u2019elections and managing relationships with elected employees (election process of the Social and Economic Committee, right of alert, internal regulations of staff representatives bodies, assistance during recurring or specific consultation process, etc.)<\/li><li>Negotiating collective bargaining agreements<\/li><li>Dealing with health and safety issues (occupational accident and diseases, mandatory internal regulations, occupational risk assessment document etc.)<\/li><li>Implementing and revising healthcare, welfare and pension coverage <strong>\u00a0<\/strong><\/li><\/ul>\t\t\t\t\t\t\t\t<\/div>\n\t\t\t\t<\/div>\n\t\t\t\t\t<\/div>\n\t\t<\/div>\n\t\t\t\t\t<\/div>\n\t\t<\/section>\n\t\t\t\t<section class=\"elementor-section elementor-top-section elementor-element elementor-element-d1ae3b8 elementor-section-boxed elementor-section-height-default elementor-section-height-default\" data-id=\"d1ae3b8\" data-element_type=\"section\" data-e-type=\"section\" id=\"entrepreneurs\" data-settings=\"{&quot;background_background&quot;:&quot;classic&quot;}\">\n\t\t\t\t\t\t<div class=\"elementor-container elementor-column-gap-extended\">\n\t\t\t\t\t<div class=\"elementor-column elementor-col-100 elementor-top-column elementor-element elementor-element-0dbc2c8\" data-id=\"0dbc2c8\" data-element_type=\"column\" data-e-type=\"column\">\n\t\t\t<div class=\"elementor-widget-wrap elementor-element-populated\">\n\t\t\t\t\t\t<div class=\"elementor-element elementor-element-027c788 elementor-widget elementor-widget-heading\" data-id=\"027c788\" data-element_type=\"widget\" data-e-type=\"widget\" data-widget_type=\"heading.default\">\n\t\t\t\t<div class=\"elementor-widget-container\">\n\t\t\t\t\t<h4 class=\"elementor-heading-title elementor-size-default\">Doing business in France<\/h4>\t\t\t\t<\/div>\n\t\t\t\t<\/div>\n\t\t\t\t<div class=\"elementor-element elementor-element-d03480d elementor-widget elementor-widget-spacer\" data-id=\"d03480d\" data-element_type=\"widget\" data-e-type=\"widget\" data-widget_type=\"spacer.default\">\n\t\t\t\t<div class=\"elementor-widget-container\">\n\t\t\t\t\t\t\t<div class=\"elementor-spacer\">\n\t\t\t<div class=\"elementor-spacer-inner\"><\/div>\n\t\t<\/div>\n\t\t\t\t\t\t<\/div>\n\t\t\t\t<\/div>\n\t\t\t\t<div class=\"elementor-element elementor-element-a02ed55 elementor-widget elementor-widget-text-editor\" data-id=\"a02ed55\" data-element_type=\"widget\" data-e-type=\"widget\" data-widget_type=\"text-editor.default\">\n\t\t\t\t<div class=\"elementor-widget-container\">\n\t\t\t\t\t\t\t\t\t<p>During her previous professional experiences, Lucille DETWILER used to work with foreign-based companies, including start-ups, while setting up or developing businesses in France.<\/p><p>Accordingly, she can provide tailored services to clients and support them for the following steps:<\/p><ul><li>Identify the applicable collective bargaining agreement at the branch level depending on their core business<\/li><li>Draft offer letter and employment contract\u2019s templates and variable remuneration plans\u00a0<\/li><li>Provide assistance during the implementation of RH process\u00a0<\/li><li>Review the compliance of Group\u2019s policies \/ handbook in accordance with French law requirements\u00a0<\/li><li>Implement mandatory healthcare and welfare coverages\u00a0<\/li><li>Provide contacts details of competent and efficient payroll providers fluent in English<\/li><\/ul>\t\t\t\t\t\t\t\t<\/div>\n\t\t\t\t<\/div>\n\t\t\t\t\t<\/div>\n\t\t<\/div>\n\t\t\t\t\t<\/div>\n\t\t<\/section>\n\t\t\t\t<section class=\"elementor-section elementor-top-section elementor-element elementor-element-7feb7cd elementor-section-boxed elementor-section-height-default elementor-section-height-default\" data-id=\"7feb7cd\" data-element_type=\"section\" data-e-type=\"section\" id=\"particuliers\">\n\t\t\t\t\t\t<div class=\"elementor-container elementor-column-gap-extended\">\n\t\t\t\t\t<div class=\"elementor-column elementor-col-100 elementor-top-column elementor-element elementor-element-0e46630\" data-id=\"0e46630\" data-element_type=\"column\" data-e-type=\"column\">\n\t\t\t<div class=\"elementor-widget-wrap elementor-element-populated\">\n\t\t\t\t\t\t<div class=\"elementor-element elementor-element-3396fa8 elementor-widget elementor-widget-heading\" data-id=\"3396fa8\" data-element_type=\"widget\" data-e-type=\"widget\" data-widget_type=\"heading.default\">\n\t\t\t\t<div class=\"elementor-widget-container\">\n\t\t\t\t\t<h4 class=\"elementor-heading-title elementor-size-default\">Employment law expertise<\/br>for individuals <\/h4>\t\t\t\t<\/div>\n\t\t\t\t<\/div>\n\t\t\t\t<div class=\"elementor-element elementor-element-d59de1d elementor-widget elementor-widget-spacer\" data-id=\"d59de1d\" data-element_type=\"widget\" data-e-type=\"widget\" data-widget_type=\"spacer.default\">\n\t\t\t\t<div class=\"elementor-widget-container\">\n\t\t\t\t\t\t\t<div class=\"elementor-spacer\">\n\t\t\t<div class=\"elementor-spacer-inner\"><\/div>\n\t\t<\/div>\n\t\t\t\t\t\t<\/div>\n\t\t\t\t<\/div>\n\t\t\t\t<div class=\"elementor-element elementor-element-c7aec9b elementor-widget elementor-widget-text-editor\" data-id=\"c7aec9b\" data-element_type=\"widget\" data-e-type=\"widget\" data-widget_type=\"text-editor.default\">\n\t\t\t\t<div class=\"elementor-widget-container\">\n\t\t\t\t\t\t\t\t\t<p>Pragmatic and determined, Lucille DETWILER also supports employees, mainly managers and executives, in all aspects of the contractual relationship from their hiring when leaving the company.<\/p><ul><li>Negotiate salary benefits<\/li><li>Develop a negotiation strategy with a view to leaving the company amicably or following a dismissal<\/li><li>Represent clients before the Labor Court or the Court of Appeal in the event of a violation of the law by their employer (non-payment of a bonus or overtime, moral harassment, discrimination, etc.) or unfair dismissal<\/li><\/ul><p>\u00a0<\/p>\t\t\t\t\t\t\t\t<\/div>\n\t\t\t\t<\/div>\n\t\t\t\t\t<\/div>\n\t\t<\/div>\n\t\t\t\t\t<\/div>\n\t\t<\/section>\n\t\t\t\t<\/div>","protected":false},"excerpt":{"rendered":"<p>Les domaines d&#8217;interventions Une expertise en droit social au service des entreprises Relations individuelles de travail R\u00e9daction, n\u00e9gociation et modification de contrats de travail\u00a0(clauses sp\u00e9cifiques, r\u00e9mun\u00e9ration variable, dur\u00e9e du travail, t\u00e9l\u00e9travail etc.) Mise en \u0153uvre de plan&hellip;<\/p>","protected":false},"author":1,"featured_media":0,"parent":0,"menu_order":2,"comment_status":"closed","ping_status":"closed","template":"","meta":{"footnotes":""},"class_list":["post-238","page","type-page","status-publish","hentry"],"_links":{"self":[{"href":"https:\/\/detwiler-avocat.fr\/en_en\/wp-json\/wp\/v2\/pages\/238","targetHints":{"allow":["GET"]}}],"collection":[{"href":"https:\/\/detwiler-avocat.fr\/en_en\/wp-json\/wp\/v2\/pages"}],"about":[{"href":"https:\/\/detwiler-avocat.fr\/en_en\/wp-json\/wp\/v2\/types\/page"}],"author":[{"embeddable":true,"href":"https:\/\/detwiler-avocat.fr\/en_en\/wp-json\/wp\/v2\/users\/1"}],"replies":[{"embeddable":true,"href":"https:\/\/detwiler-avocat.fr\/en_en\/wp-json\/wp\/v2\/comments?post=238"}],"version-history":[{"count":62,"href":"https:\/\/detwiler-avocat.fr\/en_en\/wp-json\/wp\/v2\/pages\/238\/revisions"}],"predecessor-version":[{"id":2389,"href":"https:\/\/detwiler-avocat.fr\/en_en\/wp-json\/wp\/v2\/pages\/238\/revisions\/2389"}],"wp:attachment":[{"href":"https:\/\/detwiler-avocat.fr\/en_en\/wp-json\/wp\/v2\/media?parent=238"}],"curies":[{"name":"wp","href":"https:\/\/api.w.org\/{rel}","templated":true}]}}